{"id":150,"date":"2025-08-20T17:26:34","date_gmt":"2025-08-20T17:26:34","guid":{"rendered":"http:\/\/esely.csongrad.hu\/?page_id=150"},"modified":"2025-08-21T09:51:07","modified_gmt":"2025-08-21T09:51:07","slug":"dokumentumok","status":"publish","type":"page","link":"http:\/\/esely.csongrad.hu\/?page_id=150","title":{"rendered":"Dokumentumok"},"content":{"rendered":"\t\t<div data-elementor-type=\"wp-page\" data-elementor-id=\"150\" class=\"elementor elementor-150\">\n\t\t\t\t<div class=\"elementor-element elementor-element-767027d e-flex e-con-boxed e-con e-parent\" data-id=\"767027d\" data-element_type=\"container\">\n\t\t\t\t\t<div class=\"e-con-inner\">\n\t\t\t\t<div class=\"elementor-element elementor-element-8ea7399 elementor-widget elementor-widget-text-editor\" data-id=\"8ea7399\" data-element_type=\"widget\" data-widget_type=\"text-editor.default\">\n\t\t\t\t<div class=\"elementor-widget-container\">\n\t\t\t\t\t\t\t\t\t<p>K\u00e9relem nyomtatv\u00e1ny &#8211; <a href=\"http:\/\/esely.csongrad.hu\/wp-content\/uploads\/2025\/08\/KERELEM.doc\">K\u00c9RELEM<\/a><\/p><p>T\u00e1j\u00e9koztat\u00f3 f\u00fczet a szoci\u00e1lis \u00e9s gyermekj\u00f3l\u00e9ti ell\u00e1t\u00e1sokr\u00f3l &#8211; <a href=\"http:\/\/esely.csongrad.hu\/wp-content\/uploads\/2025\/08\/TAJEKOZTATO-FUZET-20150701.doc\">T\u00c1J\u00c9KOZTAT\u00d3 F\u00dcZET 20150701<\/a><\/p><p>Alap\u00edt\u00f3 okirat &#8211; <a href=\"http:\/\/esely.csongrad.hu\/wp-content\/uploads\/2025\/08\/Esely-alapito-okirat.pdf\">Es\u00e9ly alap\u00edt\u00f3 okirat<\/a><\/p><p>SZMSZ &#8211; <a href=\"http:\/\/esely.csongrad.hu\/wp-content\/uploads\/2025\/08\/Esely-szmsz2015-1.doc\">Es\u00e9ly szmsz2015 (1)<\/a><\/p><p>T\u00e9r\u00edt\u00e9si d\u00edjak &#8211; <a href=\"http:\/\/esely.csongrad.hu\/wp-content\/uploads\/2025\/08\/teritesi-dijak-20150701.pdf\">teritesi-dijak-20150701<\/a><\/p>\t\t\t\t\t\t\t\t<\/div>\n\t\t\t\t<\/div>\n\t\t\t\t\t<\/div>\n\t\t\t\t<\/div>\n\t\t\t\t<\/div>\n\t\t","protected":false},"excerpt":{"rendered":"<p>K\u00e9relem nyomtatv\u00e1ny &#8211; K\u00c9RELEM T\u00e1j\u00e9koztat\u00f3 f\u00fczet a szoci\u00e1lis \u00e9s gyermekj\u00f3l\u00e9ti ell\u00e1t\u00e1sokr\u00f3l &#8211; T\u00c1J\u00c9KOZTAT\u00d3 F\u00dcZET 20150701 Alap\u00edt\u00f3 okirat &#8211; Es\u00e9ly alap\u00edt\u00f3 [&hellip;]<\/p>\n","protected":false},"author":2,"featured_media":0,"parent":0,"menu_order":0,"comment_status":"closed","ping_status":"closed","template":"elementor_header_footer","meta":{"site-sidebar-layout":"default","site-content-layout":"","ast-site-content-layout":"default","site-content-style":"default","site-sidebar-style":"default","ast-global-header-display":"","ast-banner-title-visibility":"","ast-main-header-display":"","ast-hfb-above-header-display":"","ast-hfb-below-header-display":"","ast-hfb-mobile-header-display":"","site-post-title":"","ast-breadcrumbs-content":"","ast-featured-img":"","footer-sml-layout":"","theme-transparent-header-meta":"","adv-header-id-meta":"","stick-header-meta":"","header-above-stick-meta":"","header-main-stick-meta":"","header-below-stick-meta":"","astra-migrate-meta-layouts":"default","ast-page-background-enabled":"default","ast-page-background-meta":{"desktop":{"background-color":"var(--ast-global-color-5)","background-image":"","background-repeat":"repeat","background-position":"center center","background-size":"auto","background-attachment":"scroll","background-type":"","background-media":"","overlay-type":"","overlay-color":"","overlay-opacity":"","overlay-gradient":""},"tablet":{"background-color":"","background-image":"","background-repeat":"repeat","background-position":"center center","background-size":"auto","background-attachment":"scroll","background-type":"","background-media":"","overlay-type":"","overlay-color":"","overlay-opacity":"","overlay-gradient":""},"mobile":{"background-color":"","background-image":"","background-repeat":"repeat","background-position":"center center","background-size":"auto","background-attachment":"scroll","background-type":"","background-media":"","overlay-type":"","overlay-color":"","overlay-opacity":"","overlay-gradient":""}},"ast-content-background-meta":{"desktop":{"background-color":"var(--ast-global-color-4)","background-image":"","background-repeat":"repeat","background-position":"center center","background-size":"auto","background-attachment":"scroll","background-type":"","background-media":"","overlay-type":"","overlay-color":"","overlay-opacity":"","overlay-gradient":""},"tablet":{"background-color":"var(--ast-global-color-4)","background-image":"","background-repeat":"repeat","background-position":"center center","background-size":"auto","background-attachment":"scroll","background-type":"","background-media":"","overlay-type":"","overlay-color":"","overlay-opacity":"","overlay-gradient":""},"mobile":{"background-color":"var(--ast-global-color-4)","background-image":"","background-repeat":"repeat","background-position":"center center","background-size":"auto","background-attachment":"scroll","background-type":"","background-media":"","overlay-type":"","overlay-color":"","overlay-opacity":"","overlay-gradient":""}},"footnotes":""},"class_list":["post-150","page","type-page","status-publish","hentry"],"_links":{"self":[{"href":"http:\/\/esely.csongrad.hu\/index.php?rest_route=\/wp\/v2\/pages\/150","targetHints":{"allow":["GET"]}}],"collection":[{"href":"http:\/\/esely.csongrad.hu\/index.php?rest_route=\/wp\/v2\/pages"}],"about":[{"href":"http:\/\/esely.csongrad.hu\/index.php?rest_route=\/wp\/v2\/types\/page"}],"author":[{"embeddable":true,"href":"http:\/\/esely.csongrad.hu\/index.php?rest_route=\/wp\/v2\/users\/2"}],"replies":[{"embeddable":true,"href":"http:\/\/esely.csongrad.hu\/index.php?rest_route=%2Fwp%2Fv2%2Fcomments&post=150"}],"version-history":[{"count":13,"href":"http:\/\/esely.csongrad.hu\/index.php?rest_route=\/wp\/v2\/pages\/150\/revisions"}],"predecessor-version":[{"id":305,"href":"http:\/\/esely.csongrad.hu\/index.php?rest_route=\/wp\/v2\/pages\/150\/revisions\/305"}],"wp:attachment":[{"href":"http:\/\/esely.csongrad.hu\/index.php?rest_route=%2Fwp%2Fv2%2Fmedia&parent=150"}],"curies":[{"name":"wp","href":"https:\/\/api.w.org\/{rel}","templated":true}]}}