{"id":16,"date":"2025-08-20T14:36:58","date_gmt":"2025-08-20T14:36:58","guid":{"rendered":"http:\/\/esely.csongrad.hu\/?page_id=16"},"modified":"2025-08-20T18:14:29","modified_gmt":"2025-08-20T18:14:29","slug":"cimlap","status":"publish","type":"page","link":"http:\/\/esely.csongrad.hu\/","title":{"rendered":"C\u00edmlap"},"content":{"rendered":"\t\t<div data-elementor-type=\"wp-page\" data-elementor-id=\"16\" class=\"elementor elementor-16\">\n\t\t\t\t<div class=\"elementor-element elementor-element-f6bb134 e-con-full e-flex e-con e-parent\" data-id=\"f6bb134\" data-element_type=\"container\">\n\t\t\t\t<div class=\"elementor-element elementor-element-d4eee03 elementor-widget elementor-widget-heading\" data-id=\"d4eee03\" data-element_type=\"widget\" data-widget_type=\"heading.default\">\n\t\t\t\t<div class=\"elementor-widget-container\">\n\t\t\t\t\t<h2 class=\"elementor-heading-title elementor-size-default\">K\u00f6sz\u00f6ntj\u00fck honlapunkon!<\/h2>\t\t\t\t<\/div>\n\t\t\t\t<\/div>\n\t\t\t\t<div class=\"elementor-element elementor-element-61cc3ff elementor-widget elementor-widget-text-editor\" data-id=\"61cc3ff\" data-element_type=\"widget\" data-widget_type=\"text-editor.default\">\n\t\t\t\t<div class=\"elementor-widget-container\">\n\t\t\t\t\t\t\t\t\t<p>Az Es\u00e9ly Szoci\u00e1lis\u00a0 Alapell\u00e1t\u00e1si K\u00f6zpont (6640 Csongr\u00e1d, Kossuth t\u00e9r 7.) 2015. \u00e1prilis 01.\u00a0napj\u00e1val alakult int\u00e9zm\u00e9ny, a Szoci\u00e1lis Ell\u00e1t\u00e1sok Int\u00e9zm\u00e9ny\u00e9b\u0151l kiv\u00e1lva, \u00faj int\u00e9zm\u00e9nyk\u00e9nt alap\u00edtotta Csongr\u00e1d V\u00e1rosi \u00d6nkorm\u00e1nyzat K\u00e9pvisel\u0151-test\u00fclete.<br \/>Az int\u00e9zm\u00e9ny fenntart\u00f3ja az Als\u00f3- Tisza-menti \u00d6nkorm\u00e1nyzati T\u00e1rsul\u00e1s (6647 Csanytelek, Volent\u00e9r J\u00e1nos t\u00e9r 2.)<\/p>\n<p>Az int\u00e9zm\u00e9ny az al\u00e1bbi feladatokat l\u00e1tja el ell\u00e1t\u00e1si ter\u00fclet\u00e9n \u00e9s enged\u00e9lyezett ell\u00e1t\u00e1si l\u00e9tsz\u00e1mmal 2015. j\u00falius 01. napj\u00e1t\u00f3l:<\/p>\n<ul>\n<li>Nappali ell\u00e1t\u00e1s &#8211; id\u0151skor\u00faak nappali ell\u00e1t\u00e1sa &#8211; demens szem\u00e9lyek ell\u00e1t\u00e1sa- id\u0151sek klubja<br \/>\u2013 I., II., III. sz. Id\u0151sek Klubja<br \/>Ell\u00e1that\u00f3 szem\u00e9lyek sz\u00e1ma: 30-30-30 f\u0151<br \/>Ell\u00e1t\u00e1si ter\u00fclet: Csongr\u00e1d v\u00e1ros k\u00f6zigazgat\u00e1si ter\u00fclete,<\/li>\n<li>Nappali ell\u00e1t\u00e1s &#8211; fogyat\u00e9kos szem\u00e9lyek nappali ell\u00e1t\u00e1sa<br \/>Ell\u00e1that\u00f3 szem\u00e9lyek sz\u00e1ma: 32 f\u0151<br \/>Ell\u00e1t\u00e1si ter\u00fclet: Csongr\u00e1d v\u00e1ros, Felgy\u0151, Csanytelek \u00e9s T\u00f6m\u00f6rk\u00e9ny k\u00f6zs\u00e9gek k\u00f6zigazgat\u00e1si ter\u00fclete<\/li>\n<li>\u00c9tkeztet\u00e9s<br \/>Ell\u00e1t\u00e1si ter\u00fclet: Csongr\u00e1d v\u00e1ros k\u00f6zigazgat\u00e1si ter\u00fclete,<\/li>\n<li>H\u00e1zi seg\u00edts\u00e9gny\u00fajt\u00e1s<br \/>Ell\u00e1that\u00f3 szem\u00e9lyek sz\u00e1ma: 99 f\u0151<br \/>Ell\u00e1t\u00e1si ter\u00fclet: Csongr\u00e1d v\u00e1ros k\u00f6zigazgat\u00e1si ter\u00fclete,<\/li>\n<li>Jelz\u0151rendszeres h\u00e1zi seg\u00edts\u00e9gny\u00fajt\u00e1s<br \/>Jelz\u0151k\u00e9sz\u00fcl\u00e9kek sz\u00e1ma: 100 db<br \/>Ell\u00e1t\u00e1si ter\u00fclet: Csongr\u00e1d v\u00e1ros, Felgy\u0151, Csanytelek \u00e9s T\u00f6m\u00f6rk\u00e9ny k\u00f6zs\u00e9gek k\u00f6zigazgat\u00e1si ter\u00fclete, tov\u00e1bb\u00e1 meg\u00e1llapod\u00e1s alapj\u00e1n Tiszasas k\u00f6zigazgat\u00e1si ter\u00fclete<\/li>\n<li>T\u00e1mogat\u00f3 szolg\u00e1ltat\u00e1s<br \/>Ell\u00e1t\u00e1si ter\u00fclet: Csongr\u00e1d v\u00e1ros, Felgy\u0151, Csanytelek \u00e9s T\u00f6m\u00f6rk\u00e9ny k\u00f6zs\u00e9gek k\u00f6zigazgat\u00e1si ter\u00fclete,<\/li>\n<li>Pszichi\u00e1triai betegek k\u00f6z\u00f6ss\u00e9gi ell\u00e1t\u00e1sa<br \/>Ell\u00e1t\u00e1si ter\u00fclet: Csongr\u00e1d v\u00e1ros, Felgy\u0151, Csanytelek \u00e9s T\u00f6m\u00f6rk\u00e9ny k\u00f6zs\u00e9gek k\u00f6zigazgat\u00e1si ter\u00fclete,<\/li>\n<li>Szenved\u00e9lybetegek k\u00f6z\u00f6ss\u00e9gi ell\u00e1t\u00e1sa<br \/>Ell\u00e1t\u00e1si ter\u00fclet: Csongr\u00e1d v\u00e1ros, Felgy\u0151, Csanytelek \u00e9s T\u00f6m\u00f6rk\u00e9ny k\u00f6zs\u00e9gek k\u00f6zigazgat\u00e1si ter\u00fclete,<\/li>\n<li>Tanyagondnoki szolg\u00e1ltat\u00e1s I. k\u00f6rzet<br \/>Ell\u00e1t\u00e1si ter\u00fclet: Csongr\u00e1d v\u00e1ros k\u00f6zigazgat\u00e1si ter\u00fclete,<\/li>\n<li>Tanyagondnoki szolg\u00e1ltat\u00e1s II. k\u00f6rzet<br \/>Ell\u00e1t\u00e1si ter\u00fclet: Csongr\u00e1d v\u00e1ros k\u00f6zigazgat\u00e1si ter\u00fclete,<\/li>\n<li>Tanyagondnoki szolg\u00e1ltat\u00e1s III. k\u00f6rzet<br \/>Ell\u00e1t\u00e1si ter\u00fclet: Csongr\u00e1d v\u00e1ros k\u00f6zigazgat\u00e1si ter\u00fclete,<\/li>\n<li>Tanyagondnoki szolg\u00e1ltat\u00e1s IV. k\u00f6rzet<br \/>Ell\u00e1t\u00e1si ter\u00fclet: Csongr\u00e1d v\u00e1ros k\u00f6zigazgat\u00e1si ter\u00fclete,<\/li>\n<\/ul>\n<p><strong>Az Es\u00e9ly Szoci\u00e1lis Alapell\u00e1t\u00e1si K\u00f6zpont szervezeti fel\u00e9p\u00edt\u00e9se<\/strong><\/p>\n<div class=\"_2cuy _3dgx _2vxa\">Az Es\u00e9ly Szoci\u00e1lis Alapell\u00e1t\u00e1si K\u00f6zpont ez\u00faton t\u00e1j\u00e9koztatja a lakosokat, hogy 2017.01.01.-\u00e9t\u0151l az igazgat\u00f3s\u00e1g sz\u00e9khelye 6640 Csongr\u00e1d Kossuth t\u00e9r 7.<\/div>\n<div class=\"_2cuy _3dgx _2vxa\">Telefonsz\u00e1munk 63\/571-925.<\/div>\n<div class=\"_2cuy _3dgx _2vxa\">\u00a0<\/div>\n<p>Az int\u00e9zm\u00e9ny sz\u00e9khelye: 6640 Csongr\u00e1d, Kossuth t\u00e9r 7.<\/p>\n<p>Az int\u00e9zm\u00e9ny telephelyei:<\/p>\n<p>I. sz. Id\u0151sek Klubja: 6640 Csongr\u00e1d, Gr. Apponyi A. u. 5.<\/p>\n<ul>\n<li>Szoci\u00e1lis \u00e9tkeztet\u00e9s,<\/li>\n<li>Nappali ell\u00e1t\u00e1s \u2013 id\u0151skor\u00faak, demens szem\u00e9lyek nappali ell\u00e1t\u00e1sa<\/li>\n<\/ul>\n<p>II. sz. Id\u0151sek Klubja: 6640 Csongr\u00e1d, F\u0151 u. 64.<\/p>\n<ul>\n<li>Szoci\u00e1lis \u00e9tkeztet\u00e9s,<\/li>\n<li>Nappali ell\u00e1t\u00e1s \u2013 id\u0151skor\u00faak, demens szem\u00e9lyek nappali ell\u00e1t\u00e1sa<\/li>\n<li>Tanyagondnoki szolg\u00e1ltat\u00e1s I.,<\/li>\n<li>Tanyagondnoki szolg\u00e1ltat\u00e1s II.,<\/li>\n<li>Tanyagondnoki szolg\u00e1ltat\u00e1s III.,<\/li>\n<li>Tanyagondnoki szolg\u00e1ltat\u00e1s IV.<\/li>\n<li>H\u00e1zi seg\u00edts\u00e9gny\u00fajt\u00e1s,<\/li>\n<li>Jelz\u0151rendszeres h\u00e1zi seg\u00edts\u00e9gny\u00fajt\u00e1s<\/li>\n<li>T\u00e1mogat\u00f3 szolg\u00e1ltat\u00e1s,<\/li>\n<li>Pszichi\u00e1triai betegek k\u00f6z\u00f6ss\u00e9gi alapell\u00e1t\u00e1sa,<\/li>\n<li>Szenved\u00e9lybetegek k\u00f6z\u00f6ss\u00e9gi alapell\u00e1t\u00e1sa<\/li>\n<\/ul>\n<p>III. sz. Id\u0151sek Klubja: 6640 Csongr\u00e1d, Bokros u. 29.<\/p>\n<ul>\n<li>Szoci\u00e1lis \u00e9tkeztet\u00e9s,<\/li>\n<li>Nappali ell\u00e1t\u00e1s \u2013 id\u0151skor\u00faak, demens szem\u00e9lyek nappali ell\u00e1t\u00e1sa<\/li>\n<\/ul>\n<p>Fogyat\u00e9kosok Nappali Int\u00e9zm\u00e9nye: 6640 Csongr\u00e1d, S\u00edp u. 3.<\/p>\n<ul>\n<li>Nappali ell\u00e1t\u00e1s \u2013 fogyat\u00e9kos szem\u00e9lyek nappali ell\u00e1t\u00e1sa<\/li>\n<\/ul>\t\t\t\t\t\t\t\t<\/div>\n\t\t\t\t<\/div>\n\t\t\t\t<\/div>\n\t\t\t\t<\/div>\n\t\t","protected":false},"excerpt":{"rendered":"<p>K\u00f6sz\u00f6ntj\u00fck honlapunkon! Az Es\u00e9ly Szoci\u00e1lis\u00a0 Alapell\u00e1t\u00e1si K\u00f6zpont (6640 Csongr\u00e1d, Kossuth t\u00e9r 7.) 2015. \u00e1prilis 01.\u00a0napj\u00e1val alakult int\u00e9zm\u00e9ny, a Szoci\u00e1lis Ell\u00e1t\u00e1sok [&hellip;]<\/p>\n","protected":false},"author":2,"featured_media":0,"parent":0,"menu_order":0,"comment_status":"closed","ping_status":"closed","template":"elementor_header_footer","meta":{"site-sidebar-layout":"default","site-content-layout":"","ast-site-content-layout":"default","site-content-style":"default","site-sidebar-style":"default","ast-global-header-display":"","ast-banner-title-visibility":"","ast-main-header-display":"","ast-hfb-above-header-display":"","ast-hfb-below-header-display":"","ast-hfb-mobile-header-display":"","site-post-title":"","ast-breadcrumbs-content":"","ast-featured-img":"","footer-sml-layout":"","theme-transparent-header-meta":"","adv-header-id-meta":"","stick-header-meta":"","header-above-stick-meta":"","header-main-stick-meta":"","header-below-stick-meta":"","astra-migrate-meta-layouts":"default","ast-page-background-enabled":"default","ast-page-background-meta":{"desktop":{"background-color":"var(--ast-global-color-5)","background-image":"","background-repeat":"repeat","background-position":"center center","background-size":"auto","background-attachment":"scroll","background-type":"","background-media":"","overlay-type":"","overlay-color":"","overlay-opacity":"","overlay-gradient":""},"tablet":{"background-color":"","background-image":"","background-repeat":"repeat","background-position":"center center","background-size":"auto","background-attachment":"scroll","background-type":"","background-media":"","overlay-type":"","overlay-color":"","overlay-opacity":"","overlay-gradient":""},"mobile":{"background-color":"","background-image":"","background-repeat":"repeat","background-position":"center center","background-size":"auto","background-attachment":"scroll","background-type":"","background-media":"","overlay-type":"","overlay-color":"","overlay-opacity":"","overlay-gradient":""}},"ast-content-background-meta":{"desktop":{"background-color":"var(--ast-global-color-4)","background-image":"","background-repeat":"repeat","background-position":"center center","background-size":"auto","background-attachment":"scroll","background-type":"","background-media":"","overlay-type":"","overlay-color":"","overlay-opacity":"","overlay-gradient":""},"tablet":{"background-color":"var(--ast-global-color-4)","background-image":"","background-repeat":"repeat","background-position":"center center","background-size":"auto","background-attachment":"scroll","background-type":"","background-media":"","overlay-type":"","overlay-color":"","overlay-opacity":"","overlay-gradient":""},"mobile":{"background-color":"var(--ast-global-color-4)","background-image":"","background-repeat":"repeat","background-position":"center center","background-size":"auto","background-attachment":"scroll","background-type":"","background-media":"","overlay-type":"","overlay-color":"","overlay-opacity":"","overlay-gradient":""}},"footnotes":""},"class_list":["post-16","page","type-page","status-publish","hentry"],"_links":{"self":[{"href":"http:\/\/esely.csongrad.hu\/index.php?rest_route=\/wp\/v2\/pages\/16","targetHints":{"allow":["GET"]}}],"collection":[{"href":"http:\/\/esely.csongrad.hu\/index.php?rest_route=\/wp\/v2\/pages"}],"about":[{"href":"http:\/\/esely.csongrad.hu\/index.php?rest_route=\/wp\/v2\/types\/page"}],"author":[{"embeddable":true,"href":"http:\/\/esely.csongrad.hu\/index.php?rest_route=\/wp\/v2\/users\/2"}],"replies":[{"embeddable":true,"href":"http:\/\/esely.csongrad.hu\/index.php?rest_route=%2Fwp%2Fv2%2Fcomments&post=16"}],"version-history":[{"count":34,"href":"http:\/\/esely.csongrad.hu\/index.php?rest_route=\/wp\/v2\/pages\/16\/revisions"}],"predecessor-version":[{"id":233,"href":"http:\/\/esely.csongrad.hu\/index.php?rest_route=\/wp\/v2\/pages\/16\/revisions\/233"}],"wp:attachment":[{"href":"http:\/\/esely.csongrad.hu\/index.php?rest_route=%2Fwp%2Fv2%2Fmedia&parent=16"}],"curies":[{"name":"wp","href":"https:\/\/api.w.org\/{rel}","templated":true}]}}