{"id":245,"date":"2025-08-20T18:18:33","date_gmt":"2025-08-20T18:18:33","guid":{"rendered":"http:\/\/esely.csongrad.hu\/?page_id=245"},"modified":"2025-08-20T18:18:56","modified_gmt":"2025-08-20T18:18:56","slug":"iii-sz-idosek-klubja","status":"publish","type":"page","link":"http:\/\/esely.csongrad.hu\/?page_id=245","title":{"rendered":"III. sz. Id\u0151sek Klubja"},"content":{"rendered":"\t\t<div data-elementor-type=\"wp-page\" data-elementor-id=\"245\" class=\"elementor elementor-245\">\n\t\t\t\t<div class=\"elementor-element elementor-element-30b7118 e-flex e-con-boxed e-con e-parent\" data-id=\"30b7118\" data-element_type=\"container\">\n\t\t\t\t\t<div class=\"e-con-inner\">\n\t\t\t\t<div class=\"elementor-element elementor-element-62c2b4d elementor-widget elementor-widget-text-editor\" data-id=\"62c2b4d\" data-element_type=\"widget\" data-widget_type=\"text-editor.default\">\n\t\t\t\t<div class=\"elementor-widget-container\">\n\t\t\t\t\t\t\t\t\t<p><strong>Ny\u00fajtott szolg\u00e1ltat\u00e1sok<\/strong><strong>:\u00a0<\/strong>Szoci\u00e1lis \u00e9tkeztet\u00e9s, nappali ell\u00e1t\u00e1s \u2013 id\u0151skor\u00faak, demens szem\u00e9lyek nappali ell\u00e1t\u00e1sa<\/p><p><strong><em>Nappali ell\u00e1t\u00e1s id\u0151s \u00e9s demens szem\u00e9lyek r\u00e9sz\u00e9re:<\/em><\/strong>\u00a0saj\u00e1t otthonukban \u00e9l\u0151 id\u0151skor\u00fa t\u00e1mogat\u00e1sra szorul\u00f3, \u00f6nmaguk ell\u00e1t\u00e1s\u00e1ra r\u00e9szben k\u00e9pes szem\u00e9lyek r\u00e9sz\u00e9re biztos\u00edt napk\u00f6zben tart\u00f3zkod\u00e1sra, t\u00e1rsas kapcsolatokra, valamint az alapvet\u0151 higi\u00e9niai sz\u00fcks\u00e9gletek kiel\u00e9g\u00edt\u00e9s\u00e9re (tiszt\u00e1lkod\u00e1s, mos\u00e1s, vasal\u00e1s) lehet\u0151s\u00e9get, tov\u00e1bb\u00e1 ig\u00e9ny szerint megszervezi az ell\u00e1tottak napk\u00f6zbeni \u00e9tkeztet\u00e9s\u00e9t. A Klubokban csal\u00e1dias hangulat, tv, r\u00e1di\u00f3, k\u00f6nyvek, t\u00e1rsasj\u00e1t\u00e9kok v\u00e1rj\u00e1k a tagokat.<\/p><p>A szolg\u00e1ltat\u00e1s t\u00e9r\u00edt\u00e9smentes, amennyiben \u00e9tkeztet\u00e9st is ig\u00e9nybe k\u00edv\u00e1nnak venni az\u00e9rt t\u00e9r\u00edt\u00e9si d\u00edjat kell fizetni<em>,\u00a0<\/em>melyr\u0151l a Dokumentumok f\u00fcl alatt t\u00e1j\u00e9koz\u00f3dhat.<\/p><p><strong><em>\u00c9tkeztet\u00e9s<\/em><\/strong>: melynek keret\u00e9ben legal\u00e1bb napi egyszeri meleg \u00e9tkez\u00e9sr\u0151l kell gondoskodni azoknak a szoci\u00e1lisan r\u00e1szorultaknak, akik maguk vagy eltartottjuk sz\u00e1m\u00e1ra ezt tart\u00f3san vagy \u00e1tmeneti jelleggel nem k\u00e9pesek biztos\u00edtani koruk, eg\u00e9szs\u00e9gi \u00e1llapotuk, fogyat\u00e9koss\u00e1guk, pszichi\u00e1triai betegs\u00e9g\u00fck, szenved\u00e9lybetegs\u00e9g\u00fck, hajl\u00e9ktalans\u00e1guk miatt, illet\u0151leg a h\u00e1tr\u00e1nyos munkaer\u0151-piaci helyzete miatt akt\u00edv kor\u00fa rendszeres szoci\u00e1lis seg\u00e9lyezetteknek. A szolg\u00e1ltat\u00e1s\u00e9rt t\u00e9r\u00edt\u00e9si d\u00edjat kell fizetni, melyr\u0151l a Dokumentumok f\u00fcl alatt t\u00e1j\u00e9koz\u00f3dhat.<\/p><p><strong><em>El\u00e9rhet\u0151s\u00e9g<\/em><\/strong><\/p><p>III. sz. Id\u0151sek Klubja, 6640 Csongr\u00e1d, Bokros u. 29.<\/p><p>Tel:63\/479-010<\/p><p><strong>Szakmai vezet\u0151:<\/strong>\u00a0\u00a0<a href=\"mailto:harmasklub@csongrad.hu\">harmasklub@csongrad.hu<\/a><\/p>\t\t\t\t\t\t\t\t<\/div>\n\t\t\t\t<\/div>\n\t\t\t\t\t<\/div>\n\t\t\t\t<\/div>\n\t\t\t\t<\/div>\n\t\t","protected":false},"excerpt":{"rendered":"<p>Ny\u00fajtott szolg\u00e1ltat\u00e1sok:\u00a0Szoci\u00e1lis \u00e9tkeztet\u00e9s, nappali ell\u00e1t\u00e1s \u2013 id\u0151skor\u00faak, demens szem\u00e9lyek nappali ell\u00e1t\u00e1sa Nappali ell\u00e1t\u00e1s id\u0151s \u00e9s demens szem\u00e9lyek r\u00e9sz\u00e9re:\u00a0saj\u00e1t otthonukban \u00e9l\u0151 [&hellip;]<\/p>\n","protected":false},"author":2,"featured_media":0,"parent":0,"menu_order":0,"comment_status":"closed","ping_status":"closed","template":"","meta":{"site-sidebar-layout":"no-sidebar","site-content-layout":"","ast-site-content-layout":"normal-width-container","site-content-style":"default","site-sidebar-style":"default","ast-global-header-display":"","ast-banner-title-visibility":"","ast-main-header-display":"","ast-hfb-above-header-display":"","ast-hfb-below-header-display":"","ast-hfb-mobile-header-display":"","site-post-title":"","ast-breadcrumbs-content":"","ast-featured-img":"disabled","footer-sml-layout":"","theme-transparent-header-meta":"","adv-header-id-meta":"","stick-header-meta":"","header-above-stick-meta":"","header-main-stick-meta":"","header-below-stick-meta":"","astra-migrate-meta-layouts":"default","ast-page-background-enabled":"default","ast-page-background-meta":{"desktop":{"background-color":"var(--ast-global-color-5)","background-image":"","background-repeat":"repeat","background-position":"center center","background-size":"auto","background-attachment":"scroll","background-type":"","background-media":"","overlay-type":"","overlay-color":"","overlay-opacity":"","overlay-gradient":""},"tablet":{"background-color":"","background-image":"","background-repeat":"repeat","background-position":"center center","background-size":"auto","background-attachment":"scroll","background-type":"","background-media":"","overlay-type":"","overlay-color":"","overlay-opacity":"","overlay-gradient":""},"mobile":{"background-color":"","background-image":"","background-repeat":"repeat","background-position":"center center","background-size":"auto","background-attachment":"scroll","background-type":"","background-media":"","overlay-type":"","overlay-color":"","overlay-opacity":"","overlay-gradient":""}},"ast-content-background-meta":{"desktop":{"background-color":"var(--ast-global-color-4)","background-image":"","background-repeat":"repeat","background-position":"center center","background-size":"auto","background-attachment":"scroll","background-type":"","background-media":"","overlay-type":"","overlay-color":"","overlay-opacity":"","overlay-gradient":""},"tablet":{"background-color":"var(--ast-global-color-4)","background-image":"","background-repeat":"repeat","background-position":"center center","background-size":"auto","background-attachment":"scroll","background-type":"","background-media":"","overlay-type":"","overlay-color":"","overlay-opacity":"","overlay-gradient":""},"mobile":{"background-color":"var(--ast-global-color-4)","background-image":"","background-repeat":"repeat","background-position":"center center","background-size":"auto","background-attachment":"scroll","background-type":"","background-media":"","overlay-type":"","overlay-color":"","overlay-opacity":"","overlay-gradient":""}},"footnotes":""},"class_list":["post-245","page","type-page","status-publish","hentry"],"_links":{"self":[{"href":"http:\/\/esely.csongrad.hu\/index.php?rest_route=\/wp\/v2\/pages\/245","targetHints":{"allow":["GET"]}}],"collection":[{"href":"http:\/\/esely.csongrad.hu\/index.php?rest_route=\/wp\/v2\/pages"}],"about":[{"href":"http:\/\/esely.csongrad.hu\/index.php?rest_route=\/wp\/v2\/types\/page"}],"author":[{"embeddable":true,"href":"http:\/\/esely.csongrad.hu\/index.php?rest_route=\/wp\/v2\/users\/2"}],"replies":[{"embeddable":true,"href":"http:\/\/esely.csongrad.hu\/index.php?rest_route=%2Fwp%2Fv2%2Fcomments&post=245"}],"version-history":[{"count":4,"href":"http:\/\/esely.csongrad.hu\/index.php?rest_route=\/wp\/v2\/pages\/245\/revisions"}],"predecessor-version":[{"id":249,"href":"http:\/\/esely.csongrad.hu\/index.php?rest_route=\/wp\/v2\/pages\/245\/revisions\/249"}],"wp:attachment":[{"href":"http:\/\/esely.csongrad.hu\/index.php?rest_route=%2Fwp%2Fv2%2Fmedia&parent=245"}],"curies":[{"name":"wp","href":"https:\/\/api.w.org\/{rel}","templated":true}]}}