{"id":250,"date":"2025-08-20T18:19:47","date_gmt":"2025-08-20T18:19:47","guid":{"rendered":"http:\/\/esely.csongrad.hu\/?page_id=250"},"modified":"2025-08-20T18:20:19","modified_gmt":"2025-08-20T18:20:19","slug":"tamogato-szolgaltatas","status":"publish","type":"page","link":"http:\/\/esely.csongrad.hu\/?page_id=250","title":{"rendered":"T\u00e1mogat\u00f3 Szolg\u00e1ltat\u00e1s"},"content":{"rendered":"\t\t<div data-elementor-type=\"wp-page\" data-elementor-id=\"250\" class=\"elementor elementor-250\">\n\t\t\t\t<div class=\"elementor-element elementor-element-18e70b1 e-flex e-con-boxed e-con e-parent\" data-id=\"18e70b1\" data-element_type=\"container\">\n\t\t\t\t\t<div class=\"e-con-inner\">\n\t\t\t\t<div class=\"elementor-element elementor-element-aea35c4 elementor-widget elementor-widget-text-editor\" data-id=\"aea35c4\" data-element_type=\"widget\" data-widget_type=\"text-editor.default\">\n\t\t\t\t<div class=\"elementor-widget-container\">\n\t\t\t\t\t\t\t\t\t<p><strong><em>T\u00e1mogat\u00f3 szolg\u00e1ltat\u00e1s<\/em><\/strong><em>:<\/em>\u00a0c\u00e9lja a fogyat\u00e9kos szem\u00e9lyek lak\u00f3k\u00f6rnyezetben t\u00f6rt\u00e9n\u0151 ell\u00e1t\u00e1sa, a fogyat\u00e9kos szem\u00e9ly \u00f6nrendelkez\u00e9s\u00e9n alapul\u00f3 \u00f6n\u00e1ll\u00f3 \u00e9letvitel\u00e9nek megk\u00f6nny\u00edt\u00e9se, els\u0151sorban a lak\u00e1son k\u00edv\u00fcli k\u00f6zszolg\u00e1ltat\u00e1sok el\u00e9r\u00e9s\u00e9nek seg\u00edt\u00e9s\u00e9vel, valamint \u00e9letvitel\u00fck \u00f6n\u00e1ll\u00f3s\u00e1g\u00e1nak meg\u0151rz\u00e9se mellett a lak\u00e1son bel\u00fcli seg\u00edts\u00e9gny\u00fajt\u00e1s biztos\u00edt\u00e1sa r\u00e9v\u00e9n. Ezeken bel\u00fcl a speci\u00e1lis szem\u00e9lyi sz\u00e1ll\u00edt\u00e1s m\u0171k\u00f6dtet\u00e9se, eg\u00e9szs\u00e9g\u00fcgyi-szoci\u00e1lis ell\u00e1t\u00e1sokhoz jut\u00e1s biztos\u00edt\u00e1sa, jelnyelvi tolm\u00e1csszolg\u00e1lat el\u00e9rhet\u0151s\u00e9g\u00e9nek biztos\u00edt\u00e1sa, seg\u00edts\u00e9gny\u00fajt\u00e1s a fogyat\u00e9kkal \u00e9l\u0151k kapcsolatk\u00e9szs\u00e9g\u00e9nek jav\u00edt\u00e1s\u00e1hoz, csal\u00e1di kapcsolatainak er\u0151s\u00edt\u00e9s\u00e9hez, speci\u00e1lis, \u00f6nseg\u00e9lyez\u0151 csoportokban val\u00f3 r\u00e9szv\u00e9telhez, seg\u00edts\u00e9g a kultur\u00e1lis, szabadid\u0151s, k\u00f6z\u00f6ss\u00e9gi kapcsolatokban val\u00f3 egyenrang\u00fa r\u00e9szv\u00e9telhez. A szolg\u00e1ltat\u00e1s\u00e9rt t\u00e9r\u00edt\u00e9si d\u00edjat kell fizetni<em>,\u00a0<\/em>melyr\u0151l a Dokumentumok f\u00fcl alatt t\u00e1j\u00e9koz\u00f3dhat.<\/p><p><strong><em>El\u00e9rhet\u0151s\u00e9g<\/em><\/strong><\/p><p>6640 Csongr\u00e1d, F\u0151 u. 64.<\/p><p>Tel\/fax: 63\/483-016<\/p><p><strong>Szakmai vezet\u0151:<\/strong>\u00a0Kajt\u00e1r Anita, 63\/483-016, 06-20\/229-2855,\u00a0<a href=\"mailto:tamogato@csongrad.hu\">tamogato@csongrad.hu<\/a><\/p>\t\t\t\t\t\t\t\t<\/div>\n\t\t\t\t<\/div>\n\t\t\t\t\t<\/div>\n\t\t\t\t<\/div>\n\t\t\t\t<\/div>\n\t\t","protected":false},"excerpt":{"rendered":"<p>T\u00e1mogat\u00f3 szolg\u00e1ltat\u00e1s:\u00a0c\u00e9lja a fogyat\u00e9kos szem\u00e9lyek lak\u00f3k\u00f6rnyezetben t\u00f6rt\u00e9n\u0151 ell\u00e1t\u00e1sa, a fogyat\u00e9kos szem\u00e9ly \u00f6nrendelkez\u00e9s\u00e9n alapul\u00f3 \u00f6n\u00e1ll\u00f3 \u00e9letvitel\u00e9nek megk\u00f6nny\u00edt\u00e9se, els\u0151sorban a lak\u00e1son k\u00edv\u00fcli [&hellip;]<\/p>\n","protected":false},"author":2,"featured_media":0,"parent":0,"menu_order":0,"comment_status":"closed","ping_status":"closed","template":"","meta":{"site-sidebar-layout":"no-sidebar","site-content-layout":"","ast-site-content-layout":"normal-width-container","site-content-style":"default","site-sidebar-style":"default","ast-global-header-display":"","ast-banner-title-visibility":"","ast-main-header-display":"","ast-hfb-above-header-display":"","ast-hfb-below-header-display":"","ast-hfb-mobile-header-display":"","site-post-title":"","ast-breadcrumbs-content":"","ast-featured-img":"disabled","footer-sml-layout":"","theme-transparent-header-meta":"","adv-header-id-meta":"","stick-header-meta":"","header-above-stick-meta":"","header-main-stick-meta":"","header-below-stick-meta":"","astra-migrate-meta-layouts":"default","ast-page-background-enabled":"default","ast-page-background-meta":{"desktop":{"background-color":"var(--ast-global-color-5)","background-image":"","background-repeat":"repeat","background-position":"center center","background-size":"auto","background-attachment":"scroll","background-type":"","background-media":"","overlay-type":"","overlay-color":"","overlay-opacity":"","overlay-gradient":""},"tablet":{"background-color":"","background-image":"","background-repeat":"repeat","background-position":"center center","background-size":"auto","background-attachment":"scroll","background-type":"","background-media":"","overlay-type":"","overlay-color":"","overlay-opacity":"","overlay-gradient":""},"mobile":{"background-color":"","background-image":"","background-repeat":"repeat","background-position":"center center","background-size":"auto","background-attachment":"scroll","background-type":"","background-media":"","overlay-type":"","overlay-color":"","overlay-opacity":"","overlay-gradient":""}},"ast-content-background-meta":{"desktop":{"background-color":"var(--ast-global-color-4)","background-image":"","background-repeat":"repeat","background-position":"center center","background-size":"auto","background-attachment":"scroll","background-type":"","background-media":"","overlay-type":"","overlay-color":"","overlay-opacity":"","overlay-gradient":""},"tablet":{"background-color":"var(--ast-global-color-4)","background-image":"","background-repeat":"repeat","background-position":"center center","background-size":"auto","background-attachment":"scroll","background-type":"","background-media":"","overlay-type":"","overlay-color":"","overlay-opacity":"","overlay-gradient":""},"mobile":{"background-color":"var(--ast-global-color-4)","background-image":"","background-repeat":"repeat","background-position":"center center","background-size":"auto","background-attachment":"scroll","background-type":"","background-media":"","overlay-type":"","overlay-color":"","overlay-opacity":"","overlay-gradient":""}},"footnotes":""},"class_list":["post-250","page","type-page","status-publish","hentry"],"_links":{"self":[{"href":"http:\/\/esely.csongrad.hu\/index.php?rest_route=\/wp\/v2\/pages\/250","targetHints":{"allow":["GET"]}}],"collection":[{"href":"http:\/\/esely.csongrad.hu\/index.php?rest_route=\/wp\/v2\/pages"}],"about":[{"href":"http:\/\/esely.csongrad.hu\/index.php?rest_route=\/wp\/v2\/types\/page"}],"author":[{"embeddable":true,"href":"http:\/\/esely.csongrad.hu\/index.php?rest_route=\/wp\/v2\/users\/2"}],"replies":[{"embeddable":true,"href":"http:\/\/esely.csongrad.hu\/index.php?rest_route=%2Fwp%2Fv2%2Fcomments&post=250"}],"version-history":[{"count":5,"href":"http:\/\/esely.csongrad.hu\/index.php?rest_route=\/wp\/v2\/pages\/250\/revisions"}],"predecessor-version":[{"id":255,"href":"http:\/\/esely.csongrad.hu\/index.php?rest_route=\/wp\/v2\/pages\/250\/revisions\/255"}],"wp:attachment":[{"href":"http:\/\/esely.csongrad.hu\/index.php?rest_route=%2Fwp%2Fv2%2Fmedia&parent=250"}],"curies":[{"name":"wp","href":"https:\/\/api.w.org\/{rel}","templated":true}]}}