{"id":261,"date":"2025-08-20T18:21:28","date_gmt":"2025-08-20T18:21:28","guid":{"rendered":"http:\/\/esely.csongrad.hu\/?page_id=261"},"modified":"2025-08-20T18:23:26","modified_gmt":"2025-08-20T18:23:26","slug":"hazi-segitsegnyujtas","status":"publish","type":"page","link":"http:\/\/esely.csongrad.hu\/?page_id=261","title":{"rendered":"H\u00e1zi Seg\u00edts\u00e9gny\u00fajt\u00e1s"},"content":{"rendered":"\t\t<div data-elementor-type=\"wp-page\" data-elementor-id=\"261\" class=\"elementor elementor-261\">\n\t\t\t\t<div class=\"elementor-element elementor-element-cd6c355 e-flex e-con-boxed e-con e-parent\" data-id=\"cd6c355\" data-element_type=\"container\">\n\t\t\t\t\t<div class=\"e-con-inner\">\n\t\t\t\t<div class=\"elementor-element elementor-element-3527e40 elementor-widget elementor-widget-text-editor\" data-id=\"3527e40\" data-element_type=\"widget\" data-widget_type=\"text-editor.default\">\n\t\t\t\t<div class=\"elementor-widget-container\">\n\t\t\t\t\t\t\t\t\t<p><strong><em>H\u00e1zi seg\u00edts\u00e9gny\u00fajt\u00e1s<\/em><\/strong><em>:<\/em>\u00a0azon r\u00e1szorultak ell\u00e1t\u00e1sa, akik saj\u00e1t otthonukban szeretn\u00e9k id\u0151s napjaikat le\u00e9lni, szakk\u00e9pzett gondoz\u00f3n\u0151k seg\u00edts\u00e9g\u00e9vel gondoskodunk az \u00f6n\u00e1ll\u00f3 \u00e9letvitel lehet\u0151s\u00e9g\u00e9r\u0151l azok k\u00f6r\u00e9ben, akik a feladataik ell\u00e1t\u00e1s\u00e1ban seg\u00edts\u00e9gre szorulnak, de az \u00f6n\u00e1ll\u00f3 \u00e9letvitelre seg\u00edts\u00e9ggel k\u00e9pesek. Ugyancsak ezen szolg\u00e1ltat\u00e1s keret\u00e9ben gondoskodunk azokr\u00f3l, akik eg\u00e9szs\u00e9gi \u00e1llapotuk miatt ezt ig\u00e9nylik, illetve bentlak\u00e1sos int\u00e9zm\u00e9nyi elhelyez\u00e9sre v\u00e1rnak. A szolg\u00e1ltat\u00e1s ir\u00e1nti k\u00e9relem alapj\u00e1n az int\u00e9zm\u00e9nyvezet\u0151 v\u00e9gzi el az ig\u00e9nyl\u0151 gondoz\u00e1si sz\u00fcks\u00e9glet\u00e9nek vizsg\u00e1lat\u00e1t. A h\u00e1zi seg\u00edts\u00e9gny\u00fajt\u00e1st az igazol\u00e1sban meghat\u00e1rozott napi gondoz\u00e1si sz\u00fcks\u00e9gletnek megfelel\u0151 id\u0151tartamban, de legfeljebb napi n\u00e9gy \u00f3r\u00e1ban lehet ny\u00fajtani.<\/p><p>A szolg\u00e1ltat\u00e1s\u00e9rt t\u00e9r\u00edt\u00e9si d\u00edjat kell fizetni<em>,\u00a0<\/em>melyr\u0151l a Dokumentumok f\u00fcl alatt t\u00e1j\u00e9koz\u00f3dhat.<\/p><p><strong><em>El\u00e9rhet\u0151s\u00e9g<\/em><\/strong><\/p><p>6640 Csongr\u00e1d, F\u0151 u. 64.<\/p><p>Tel\/fax: 63\/483-016<\/p><p><strong>Szakmai vezet\u0151<\/strong>: Guly\u00e1s Emma,\u00a0<a href=\"mailto:hazigondozas@csongrad.hu\">hazigondozas@csongrad.hu<\/a>, 06-20\/2462-333<\/p>\t\t\t\t\t\t\t\t<\/div>\n\t\t\t\t<\/div>\n\t\t\t\t\t<\/div>\n\t\t\t\t<\/div>\n\t\t\t\t<\/div>\n\t\t","protected":false},"excerpt":{"rendered":"","protected":false},"author":2,"featured_media":0,"parent":0,"menu_order":0,"comment_status":"closed","ping_status":"closed","template":"","meta":{"site-sidebar-layout":"no-sidebar","site-content-layout":"","ast-site-content-layout":"normal-width-container","site-content-style":"default","site-sidebar-style":"default","ast-global-header-display":"","ast-banner-title-visibility":"","ast-main-header-display":"","ast-hfb-above-header-display":"","ast-hfb-below-header-display":"","ast-hfb-mobile-header-display":"","site-post-title":"","ast-breadcrumbs-content":"","ast-featured-img":"disabled","footer-sml-layout":"","theme-transparent-header-meta":"","adv-header-id-meta":"","stick-header-meta":"","header-above-stick-meta":"","header-main-stick-meta":"","header-below-stick-meta":"","astra-migrate-meta-layouts":"default","ast-page-background-enabled":"default","ast-page-background-meta":{"desktop":{"background-color":"var(--ast-global-color-5)","background-image":"","background-repeat":"repeat","background-position":"center center","background-size":"auto","background-attachment":"scroll","background-type":"","background-media":"","overlay-type":"","overlay-color":"","overlay-opacity":"","overlay-gradient":""},"tablet":{"background-color":"","background-image":"","background-repeat":"repeat","background-position":"center center","background-size":"auto","background-attachment":"scroll","background-type":"","background-media":"","overlay-type":"","overlay-color":"","overlay-opacity":"","overlay-gradient":""},"mobile":{"background-color":"","background-image":"","background-repeat":"repeat","background-position":"center center","background-size":"auto","background-attachment":"scroll","background-type":"","background-media":"","overlay-type":"","overlay-color":"","overlay-opacity":"","overlay-gradient":""}},"ast-content-background-meta":{"desktop":{"background-color":"var(--ast-global-color-4)","background-image":"","background-repeat":"repeat","background-position":"center center","background-size":"auto","background-attachment":"scroll","background-type":"","background-media":"","overlay-type":"","overlay-color":"","overlay-opacity":"","overlay-gradient":""},"tablet":{"background-color":"var(--ast-global-color-4)","background-image":"","background-repeat":"repeat","background-position":"center center","background-size":"auto","background-attachment":"scroll","background-type":"","background-media":"","overlay-type":"","overlay-color":"","overlay-opacity":"","overlay-gradient":""},"mobile":{"background-color":"var(--ast-global-color-4)","background-image":"","background-repeat":"repeat","background-position":"center center","background-size":"auto","background-attachment":"scroll","background-type":"","background-media":"","overlay-type":"","overlay-color":"","overlay-opacity":"","overlay-gradient":""}},"footnotes":""},"class_list":["post-261","page","type-page","status-publish","hentry"],"_links":{"self":[{"href":"http:\/\/esely.csongrad.hu\/index.php?rest_route=\/wp\/v2\/pages\/261","targetHints":{"allow":["GET"]}}],"collection":[{"href":"http:\/\/esely.csongrad.hu\/index.php?rest_route=\/wp\/v2\/pages"}],"about":[{"href":"http:\/\/esely.csongrad.hu\/index.php?rest_route=\/wp\/v2\/types\/page"}],"author":[{"embeddable":true,"href":"http:\/\/esely.csongrad.hu\/index.php?rest_route=\/wp\/v2\/users\/2"}],"replies":[{"embeddable":true,"href":"http:\/\/esely.csongrad.hu\/index.php?rest_route=%2Fwp%2Fv2%2Fcomments&post=261"}],"version-history":[{"count":7,"href":"http:\/\/esely.csongrad.hu\/index.php?rest_route=\/wp\/v2\/pages\/261\/revisions"}],"predecessor-version":[{"id":268,"href":"http:\/\/esely.csongrad.hu\/index.php?rest_route=\/wp\/v2\/pages\/261\/revisions\/268"}],"wp:attachment":[{"href":"http:\/\/esely.csongrad.hu\/index.php?rest_route=%2Fwp%2Fv2%2Fmedia&parent=261"}],"curies":[{"name":"wp","href":"https:\/\/api.w.org\/{rel}","templated":true}]}}