{"id":275,"date":"2025-08-20T18:27:05","date_gmt":"2025-08-20T18:27:05","guid":{"rendered":"http:\/\/esely.csongrad.hu\/?page_id=275"},"modified":"2025-10-27T10:33:55","modified_gmt":"2025-10-27T10:33:55","slug":"igazgatosag","status":"publish","type":"page","link":"http:\/\/esely.csongrad.hu\/?page_id=275","title":{"rendered":"Igazgat\u00f3s\u00e1g"},"content":{"rendered":"\t\t<div data-elementor-type=\"wp-page\" data-elementor-id=\"275\" class=\"elementor elementor-275\">\n\t\t\t\t<div class=\"elementor-element elementor-element-39c0ade e-flex e-con-boxed e-con e-parent\" data-id=\"39c0ade\" data-element_type=\"container\">\n\t\t\t\t\t<div class=\"e-con-inner\">\n\t\t\t\t<div class=\"elementor-element elementor-element-fac97c3 elementor-widget elementor-widget-text-editor\" data-id=\"fac97c3\" data-element_type=\"widget\" data-widget_type=\"text-editor.default\">\n\t\t\t\t<div class=\"elementor-widget-container\">\n\t\t\t\t\t\t\t\t\t<div class=\"_2cuy _3dgx _2vxa\">Az Es\u00e9ly Szoci\u00e1lis Alapell\u00e1t\u00e1si K\u00f6zpont ez\u00faton t\u00e1j\u00e9koztatja a csongr\u00e1di lakosokat, hogy 2017.01.01.-\u00e9t\u0151l az igazgat\u00f3s\u00e1g sz\u00e9khelye 6640 Csongr\u00e1d, Kossuth t\u00e9r 7. sz\u00e1m<\/div><div class=\"_2cuy _3dgx _2vxa\">\u00a0<\/div><p><strong>El\u00e9rhet\u0151s\u00e9g:\u00a0<\/strong>6640 Csongr\u00e1d, Kossuth t\u00e9r 7.<\/p><p>Int\u00e9zm\u00e9nyvezet\u0151: K\u00e1d\u00e1r-Kov\u00e1cs M\u00e1rta<\/p><p>Tel\/fax: 63\/571-925, 20\/519-0869,<\/p><p>E-mail: <a href=\"mailto:esely@csongrad.hu\">esely@csongrad.hu<\/a><\/p>\t\t\t\t\t\t\t\t<\/div>\n\t\t\t\t<\/div>\n\t\t\t\t\t<\/div>\n\t\t\t\t<\/div>\n\t\t\t\t<\/div>\n\t\t","protected":false},"excerpt":{"rendered":"<p>Az Es\u00e9ly Szoci\u00e1lis Alapell\u00e1t\u00e1si K\u00f6zpont ez\u00faton t\u00e1j\u00e9koztatja a csongr\u00e1di lakosokat, hogy 2017.01.01.-\u00e9t\u0151l az igazgat\u00f3s\u00e1g sz\u00e9khelye 6640 Csongr\u00e1d, Kossuth t\u00e9r 7. [&hellip;]<\/p>\n","protected":false},"author":2,"featured_media":0,"parent":0,"menu_order":0,"comment_status":"closed","ping_status":"closed","template":"","meta":{"site-sidebar-layout":"no-sidebar","site-content-layout":"","ast-site-content-layout":"normal-width-container","site-content-style":"default","site-sidebar-style":"default","ast-global-header-display":"","ast-banner-title-visibility":"","ast-main-header-display":"","ast-hfb-above-header-display":"","ast-hfb-below-header-display":"","ast-hfb-mobile-header-display":"","site-post-title":"","ast-breadcrumbs-content":"","ast-featured-img":"disabled","footer-sml-layout":"","theme-transparent-header-meta":"","adv-header-id-meta":"","stick-header-meta":"","header-above-stick-meta":"","header-main-stick-meta":"","header-below-stick-meta":"","astra-migrate-meta-layouts":"default","ast-page-background-enabled":"default","ast-page-background-meta":{"desktop":{"background-color":"var(--ast-global-color-5)","background-image":"","background-repeat":"repeat","background-position":"center center","background-size":"auto","background-attachment":"scroll","background-type":"","background-media":"","overlay-type":"","overlay-color":"","overlay-opacity":"","overlay-gradient":""},"tablet":{"background-color":"","background-image":"","background-repeat":"repeat","background-position":"center center","background-size":"auto","background-attachment":"scroll","background-type":"","background-media":"","overlay-type":"","overlay-color":"","overlay-opacity":"","overlay-gradient":""},"mobile":{"background-color":"","background-image":"","background-repeat":"repeat","background-position":"center center","background-size":"auto","background-attachment":"scroll","background-type":"","background-media":"","overlay-type":"","overlay-color":"","overlay-opacity":"","overlay-gradient":""}},"ast-content-background-meta":{"desktop":{"background-color":"var(--ast-global-color-4)","background-image":"","background-repeat":"repeat","background-position":"center center","background-size":"auto","background-attachment":"scroll","background-type":"","background-media":"","overlay-type":"","overlay-color":"","overlay-opacity":"","overlay-gradient":""},"tablet":{"background-color":"var(--ast-global-color-4)","background-image":"","background-repeat":"repeat","background-position":"center center","background-size":"auto","background-attachment":"scroll","background-type":"","background-media":"","overlay-type":"","overlay-color":"","overlay-opacity":"","overlay-gradient":""},"mobile":{"background-color":"var(--ast-global-color-4)","background-image":"","background-repeat":"repeat","background-position":"center center","background-size":"auto","background-attachment":"scroll","background-type":"","background-media":"","overlay-type":"","overlay-color":"","overlay-opacity":"","overlay-gradient":""}},"footnotes":""},"class_list":["post-275","page","type-page","status-publish","hentry"],"_links":{"self":[{"href":"http:\/\/esely.csongrad.hu\/index.php?rest_route=\/wp\/v2\/pages\/275","targetHints":{"allow":["GET"]}}],"collection":[{"href":"http:\/\/esely.csongrad.hu\/index.php?rest_route=\/wp\/v2\/pages"}],"about":[{"href":"http:\/\/esely.csongrad.hu\/index.php?rest_route=\/wp\/v2\/types\/page"}],"author":[{"embeddable":true,"href":"http:\/\/esely.csongrad.hu\/index.php?rest_route=\/wp\/v2\/users\/2"}],"replies":[{"embeddable":true,"href":"http:\/\/esely.csongrad.hu\/index.php?rest_route=%2Fwp%2Fv2%2Fcomments&post=275"}],"version-history":[{"count":10,"href":"http:\/\/esely.csongrad.hu\/index.php?rest_route=\/wp\/v2\/pages\/275\/revisions"}],"predecessor-version":[{"id":314,"href":"http:\/\/esely.csongrad.hu\/index.php?rest_route=\/wp\/v2\/pages\/275\/revisions\/314"}],"wp:attachment":[{"href":"http:\/\/esely.csongrad.hu\/index.php?rest_route=%2Fwp%2Fv2%2Fmedia&parent=275"}],"curies":[{"name":"wp","href":"https:\/\/api.w.org\/{rel}","templated":true}]}}