{"id":280,"date":"2025-08-20T18:28:51","date_gmt":"2025-08-20T18:28:51","guid":{"rendered":"http:\/\/esely.csongrad.hu\/?page_id=280"},"modified":"2025-08-20T18:29:12","modified_gmt":"2025-08-20T18:29:12","slug":"jelzorendszeres-hazi-segitsegnyujtas","status":"publish","type":"page","link":"http:\/\/esely.csongrad.hu\/?page_id=280","title":{"rendered":"Jelz\u0151rendszeres H\u00e1zi Seg\u00edts\u00e9gny\u00fajt\u00e1s"},"content":{"rendered":"\t\t<div data-elementor-type=\"wp-page\" data-elementor-id=\"280\" class=\"elementor elementor-280\">\n\t\t\t\t<div class=\"elementor-element elementor-element-10b3d99 e-flex e-con-boxed e-con e-parent\" data-id=\"10b3d99\" data-element_type=\"container\">\n\t\t\t\t\t<div class=\"e-con-inner\">\n\t\t\t\t<div class=\"elementor-element elementor-element-3fb1dce elementor-widget elementor-widget-text-editor\" data-id=\"3fb1dce\" data-element_type=\"widget\" data-widget_type=\"text-editor.default\">\n\t\t\t\t<div class=\"elementor-widget-container\">\n\t\t\t\t\t\t\t\t\t<p><strong><em>Jelz\u0151rendszeres h\u00e1zi seg\u00edts\u00e9gny\u00fajt\u00e1s:<\/em><\/strong>\u00a0a saj\u00e1t otthonukban \u00e9l\u0151, eg\u00e9szs\u00e9gi \u00e1llapotuk \u00e9s szoci\u00e1lis helyzet\u00fck miatt r\u00e1szorul\u00f3, a seg\u00e9lyh\u00edv\u00f3 k\u00e9sz\u00fcl\u00e9k haszn\u00e1lat\u00e1ra k\u00e9pes id\u0151skor\u00fa, vagy fogyat\u00e9kos szem\u00e9lyek, illetve pszichi\u00e1triai betegek r\u00e9sz\u00e9re az \u00f6n\u00e1ll\u00f3 \u00e9letvitel fenntart\u00e1sa mellett felmer\u00fcl\u0151 kr\u00edzishelyzetek elh\u00e1r\u00edt\u00e1sa c\u00e9lj\u00e1b\u00f3l ny\u00fajtott ell\u00e1t\u00e1s. Az ig\u00e9nyl\u0151 lak\u00e1s\u00e1n felszerelt jelz\u0151k\u00e9sz\u00fcl\u00e9ken tud seg\u00edts\u00e9get k\u00e9rni a diszp\u00e9cser k\u00f6zponton kereszt\u00fcl, ahol azonnal \u00e9rtes\u00edtik az \u00fcgyeletes szakk\u00e9pzett gondoz\u00f3n\u0151t, aki 30 percen bel\u00fcl a helysz\u00ednre \u00e9rkezik, a szolg\u00e1ltat\u00e1s a nap 24 \u00f3r\u00e1j\u00e1ban el\u00e9rhet\u0151. Jelenleg 100 db k\u00e9sz\u00fcl\u00e9k m\u0171k\u00f6dik az ell\u00e1t\u00e1si ter\u00fcleten.<\/p><p>A szolg\u00e1ltat\u00e1s\u00e9rt t\u00e9r\u00edt\u00e9si d\u00edjat kell fizetni<em>,\u00a0<\/em>melyr\u0151l a Dokumentumok f\u00fcl alatt t\u00e1j\u00e9koz\u00f3dhat.<\/p><p><strong><em>El\u00e9rhet\u0151s\u00e9g<\/em><\/strong><\/p><p>6640 Csongr\u00e1d, F\u0151 u. 64.<\/p><p>Tel\/fax: 63\/483-016<\/p><p><strong>Szakmai vezet\u0151<\/strong>: Guly\u00e1s Emma,\u00a0<a href=\"mailto:hazigondozas@csongrad.hu\">hazigondozas@csongrad.hu<\/a>, 06-20\/2462-333<\/p>\t\t\t\t\t\t\t\t<\/div>\n\t\t\t\t<\/div>\n\t\t\t\t\t<\/div>\n\t\t\t\t<\/div>\n\t\t\t\t<\/div>\n\t\t","protected":false},"excerpt":{"rendered":"<p>Jelz\u0151rendszeres h\u00e1zi seg\u00edts\u00e9gny\u00fajt\u00e1s:\u00a0a saj\u00e1t otthonukban \u00e9l\u0151, eg\u00e9szs\u00e9gi \u00e1llapotuk \u00e9s szoci\u00e1lis helyzet\u00fck miatt r\u00e1szorul\u00f3, a seg\u00e9lyh\u00edv\u00f3 k\u00e9sz\u00fcl\u00e9k haszn\u00e1lat\u00e1ra k\u00e9pes id\u0151skor\u00fa, vagy [&hellip;]<\/p>\n","protected":false},"author":2,"featured_media":0,"parent":0,"menu_order":0,"comment_status":"closed","ping_status":"closed","template":"","meta":{"site-sidebar-layout":"no-sidebar","site-content-layout":"","ast-site-content-layout":"normal-width-container","site-content-style":"default","site-sidebar-style":"default","ast-global-header-display":"","ast-banner-title-visibility":"","ast-main-header-display":"","ast-hfb-above-header-display":"","ast-hfb-below-header-display":"","ast-hfb-mobile-header-display":"","site-post-title":"","ast-breadcrumbs-content":"","ast-featured-img":"disabled","footer-sml-layout":"","theme-transparent-header-meta":"","adv-header-id-meta":"","stick-header-meta":"","header-above-stick-meta":"","header-main-stick-meta":"","header-below-stick-meta":"","astra-migrate-meta-layouts":"default","ast-page-background-enabled":"default","ast-page-background-meta":{"desktop":{"background-color":"var(--ast-global-color-5)","background-image":"","background-repeat":"repeat","background-position":"center center","background-size":"auto","background-attachment":"scroll","background-type":"","background-media":"","overlay-type":"","overlay-color":"","overlay-opacity":"","overlay-gradient":""},"tablet":{"background-color":"","background-image":"","background-repeat":"repeat","background-position":"center center","background-size":"auto","background-attachment":"scroll","background-type":"","background-media":"","overlay-type":"","overlay-color":"","overlay-opacity":"","overlay-gradient":""},"mobile":{"background-color":"","background-image":"","background-repeat":"repeat","background-position":"center center","background-size":"auto","background-attachment":"scroll","background-type":"","background-media":"","overlay-type":"","overlay-color":"","overlay-opacity":"","overlay-gradient":""}},"ast-content-background-meta":{"desktop":{"background-color":"var(--ast-global-color-4)","background-image":"","background-repeat":"repeat","background-position":"center center","background-size":"auto","background-attachment":"scroll","background-type":"","background-media":"","overlay-type":"","overlay-color":"","overlay-opacity":"","overlay-gradient":""},"tablet":{"background-color":"var(--ast-global-color-4)","background-image":"","background-repeat":"repeat","background-position":"center center","background-size":"auto","background-attachment":"scroll","background-type":"","background-media":"","overlay-type":"","overlay-color":"","overlay-opacity":"","overlay-gradient":""},"mobile":{"background-color":"var(--ast-global-color-4)","background-image":"","background-repeat":"repeat","background-position":"center center","background-size":"auto","background-attachment":"scroll","background-type":"","background-media":"","overlay-type":"","overlay-color":"","overlay-opacity":"","overlay-gradient":""}},"footnotes":""},"class_list":["post-280","page","type-page","status-publish","hentry"],"_links":{"self":[{"href":"http:\/\/esely.csongrad.hu\/index.php?rest_route=\/wp\/v2\/pages\/280","targetHints":{"allow":["GET"]}}],"collection":[{"href":"http:\/\/esely.csongrad.hu\/index.php?rest_route=\/wp\/v2\/pages"}],"about":[{"href":"http:\/\/esely.csongrad.hu\/index.php?rest_route=\/wp\/v2\/types\/page"}],"author":[{"embeddable":true,"href":"http:\/\/esely.csongrad.hu\/index.php?rest_route=\/wp\/v2\/users\/2"}],"replies":[{"embeddable":true,"href":"http:\/\/esely.csongrad.hu\/index.php?rest_route=%2Fwp%2Fv2%2Fcomments&post=280"}],"version-history":[{"count":4,"href":"http:\/\/esely.csongrad.hu\/index.php?rest_route=\/wp\/v2\/pages\/280\/revisions"}],"predecessor-version":[{"id":284,"href":"http:\/\/esely.csongrad.hu\/index.php?rest_route=\/wp\/v2\/pages\/280\/revisions\/284"}],"wp:attachment":[{"href":"http:\/\/esely.csongrad.hu\/index.php?rest_route=%2Fwp%2Fv2%2Fmedia&parent=280"}],"curies":[{"name":"wp","href":"https:\/\/api.w.org\/{rel}","templated":true}]}}