{"id":285,"date":"2025-08-20T18:29:40","date_gmt":"2025-08-20T18:29:40","guid":{"rendered":"http:\/\/esely.csongrad.hu\/?page_id=285"},"modified":"2025-08-20T18:30:07","modified_gmt":"2025-08-20T18:30:07","slug":"tanyagondnoki-szolgaltatasok","status":"publish","type":"page","link":"http:\/\/esely.csongrad.hu\/?page_id=285","title":{"rendered":"Tanyagondnoki Szolg\u00e1ltat\u00e1sok"},"content":{"rendered":"\t\t<div data-elementor-type=\"wp-page\" data-elementor-id=\"285\" class=\"elementor elementor-285\">\n\t\t\t\t<div class=\"elementor-element elementor-element-d5f7bb7 e-flex e-con-boxed e-con e-parent\" data-id=\"d5f7bb7\" data-element_type=\"container\">\n\t\t\t\t\t<div class=\"e-con-inner\">\n\t\t\t\t<div class=\"elementor-element elementor-element-08b4476 elementor-widget elementor-widget-text-editor\" data-id=\"08b4476\" data-element_type=\"widget\" data-widget_type=\"text-editor.default\">\n\t\t\t\t<div class=\"elementor-widget-container\">\n\t\t\t\t\t\t\t\t\t<p><strong><em>Tanyagondnoki szolg\u00e1ltat\u00e1s<\/em><\/strong><em>:<\/em>\u00a0melynek l\u00e9nyege a k\u00fclter\u00fcleteken, tanyasi lakott helyeken \u00e9l\u0151k sz\u00e1m\u00e1ra a telep\u00fcl\u00e9s int\u00e9zm\u00e9nyhi\u00e1ny\u00e1b\u00f3l sz\u00e1rmaz\u00f3 h\u00e1tr\u00e1nyok enyh\u00edt\u00e9se, szolg\u00e1ltat\u00e1sokhoz val\u00f3 hozz\u00e1jut\u00e1s seg\u00edt\u00e9se. Eb\u00e9d kisz\u00e1ll\u00edt\u00e1sa, bev\u00e1s\u00e1rl\u00e1s, sz\u00e1ll\u00edt\u00e1s orvoshoz, szakorvoshoz, hivatalos \u00fcgyek int\u00e9z\u00e9s\u00e9hez, gy\u00f3gyszerkiv\u00e1lt\u00e1s, gy\u00f3gy\u00e1szati seg\u00e9deszk\u00f6z\u00f6kh\u00f6z val\u00f3 hozz\u00e1jut\u00e1s seg\u00edt\u00e9se, \u00f3vod\u00e1kba, iskol\u00e1kba sz\u00e1ll\u00edt\u00e1s. A tanyagondnokok k\u00f6zrem\u0171k\u00f6dnek a h\u00e1zi seg\u00edts\u00e9gny\u00fajt\u00e1sban, \u00e9tkeztet\u00e9sben, csal\u00e1dseg\u00edt\u00e9sben. Jelenleg 5 f\u0151 tanyagondnok l\u00e1tja el a feladatot.<\/p><p>A tanyagondnoki szolg\u00e1ltat\u00e1s Csongr\u00e1d v\u00e1ros k\u00fclter\u00fclet\u00e9n \u00e9l\u0151 k\u00fclter\u00fcleti lakosok sz\u00e1m\u00e1ra:<\/p><ol><li>K\u00f6rzet: Tanya 001- Tanya 335<\/li><li>K\u00f6rzet: Tanya 336- Tanya 814<\/li><li>K\u00f6rzet: Tanya 815- Tanya 1359<\/li><li>K\u00f6rzet: Tanya 1360- Tanya 1722<\/li><\/ol><p>A szolg\u00e1ltat\u00e1s t\u00e9r\u00edt\u00e9smentes.<\/p><p><strong><em>El\u00e9rhet\u0151s\u00e9g<\/em><\/strong><\/p><div class=\"_2cuy _3dgx _2vxa\">6640 Csongr\u00e1d, F\u0151 u. 64.<\/div><p><strong>Szakmai vezet\u0151<\/strong>: Bodn\u00e1r Anna,\u00a0<a href=\"mailto:kettesklub@csongrad.hu\">kettesklub@csongrad.hu<\/a>, 06-20\/777-8350<\/p><p>\u00a0K\u00f6rzet: Tanyagondnokok:<\/p><ol><li>K\u00f6rzet: Szepesi Mih\u00e1ly 06-20\/213-3001<\/li><li>K\u00f6rzet: Dinny\u00e9s G\u00e1bor 06-20\/777-8310<\/li><li>K\u00f6rzet: Dinny\u00e9s Lajos 06-20\/777-8308<\/li><li>K\u00f6rzet: Csaba Attila 06-20\/777-8311<\/li><\/ol>\t\t\t\t\t\t\t\t<\/div>\n\t\t\t\t<\/div>\n\t\t\t\t\t<\/div>\n\t\t\t\t<\/div>\n\t\t\t\t<\/div>\n\t\t","protected":false},"excerpt":{"rendered":"<p>Tanyagondnoki szolg\u00e1ltat\u00e1s:\u00a0melynek l\u00e9nyege a k\u00fclter\u00fcleteken, tanyasi lakott helyeken \u00e9l\u0151k sz\u00e1m\u00e1ra a telep\u00fcl\u00e9s int\u00e9zm\u00e9nyhi\u00e1ny\u00e1b\u00f3l sz\u00e1rmaz\u00f3 h\u00e1tr\u00e1nyok enyh\u00edt\u00e9se, szolg\u00e1ltat\u00e1sokhoz val\u00f3 hozz\u00e1jut\u00e1s seg\u00edt\u00e9se. [&hellip;]<\/p>\n","protected":false},"author":2,"featured_media":0,"parent":0,"menu_order":0,"comment_status":"closed","ping_status":"closed","template":"","meta":{"site-sidebar-layout":"no-sidebar","site-content-layout":"","ast-site-content-layout":"normal-width-container","site-content-style":"default","site-sidebar-style":"default","ast-global-header-display":"","ast-banner-title-visibility":"","ast-main-header-display":"","ast-hfb-above-header-display":"","ast-hfb-below-header-display":"","ast-hfb-mobile-header-display":"","site-post-title":"","ast-breadcrumbs-content":"","ast-featured-img":"disabled","footer-sml-layout":"","theme-transparent-header-meta":"","adv-header-id-meta":"","stick-header-meta":"","header-above-stick-meta":"","header-main-stick-meta":"","header-below-stick-meta":"","astra-migrate-meta-layouts":"default","ast-page-background-enabled":"default","ast-page-background-meta":{"desktop":{"background-color":"var(--ast-global-color-5)","background-image":"","background-repeat":"repeat","background-position":"center center","background-size":"auto","background-attachment":"scroll","background-type":"","background-media":"","overlay-type":"","overlay-color":"","overlay-opacity":"","overlay-gradient":""},"tablet":{"background-color":"","background-image":"","background-repeat":"repeat","background-position":"center center","background-size":"auto","background-attachment":"scroll","background-type":"","background-media":"","overlay-type":"","overlay-color":"","overlay-opacity":"","overlay-gradient":""},"mobile":{"background-color":"","background-image":"","background-repeat":"repeat","background-position":"center center","background-size":"auto","background-attachment":"scroll","background-type":"","background-media":"","overlay-type":"","overlay-color":"","overlay-opacity":"","overlay-gradient":""}},"ast-content-background-meta":{"desktop":{"background-color":"var(--ast-global-color-4)","background-image":"","background-repeat":"repeat","background-position":"center center","background-size":"auto","background-attachment":"scroll","background-type":"","background-media":"","overlay-type":"","overlay-color":"","overlay-opacity":"","overlay-gradient":""},"tablet":{"background-color":"var(--ast-global-color-4)","background-image":"","background-repeat":"repeat","background-position":"center center","background-size":"auto","background-attachment":"scroll","background-type":"","background-media":"","overlay-type":"","overlay-color":"","overlay-opacity":"","overlay-gradient":""},"mobile":{"background-color":"var(--ast-global-color-4)","background-image":"","background-repeat":"repeat","background-position":"center center","background-size":"auto","background-attachment":"scroll","background-type":"","background-media":"","overlay-type":"","overlay-color":"","overlay-opacity":"","overlay-gradient":""}},"footnotes":""},"class_list":["post-285","page","type-page","status-publish","hentry"],"_links":{"self":[{"href":"http:\/\/esely.csongrad.hu\/index.php?rest_route=\/wp\/v2\/pages\/285","targetHints":{"allow":["GET"]}}],"collection":[{"href":"http:\/\/esely.csongrad.hu\/index.php?rest_route=\/wp\/v2\/pages"}],"about":[{"href":"http:\/\/esely.csongrad.hu\/index.php?rest_route=\/wp\/v2\/types\/page"}],"author":[{"embeddable":true,"href":"http:\/\/esely.csongrad.hu\/index.php?rest_route=\/wp\/v2\/users\/2"}],"replies":[{"embeddable":true,"href":"http:\/\/esely.csongrad.hu\/index.php?rest_route=%2Fwp%2Fv2%2Fcomments&post=285"}],"version-history":[{"count":4,"href":"http:\/\/esely.csongrad.hu\/index.php?rest_route=\/wp\/v2\/pages\/285\/revisions"}],"predecessor-version":[{"id":289,"href":"http:\/\/esely.csongrad.hu\/index.php?rest_route=\/wp\/v2\/pages\/285\/revisions\/289"}],"wp:attachment":[{"href":"http:\/\/esely.csongrad.hu\/index.php?rest_route=%2Fwp%2Fv2%2Fmedia&parent=285"}],"curies":[{"name":"wp","href":"https:\/\/api.w.org\/{rel}","templated":true}]}}