{"id":290,"date":"2025-08-20T18:30:35","date_gmt":"2025-08-20T18:30:35","guid":{"rendered":"http:\/\/esely.csongrad.hu\/?page_id=290"},"modified":"2025-08-20T18:31:36","modified_gmt":"2025-08-20T18:31:36","slug":"fogyatekos-szemelyek-nappali-ellatasa","status":"publish","type":"page","link":"http:\/\/esely.csongrad.hu\/?page_id=290","title":{"rendered":"Fogyat\u00e9kos Szem\u00e9lyek Nappali Ell\u00e1t\u00e1sa"},"content":{"rendered":"\t\t<div data-elementor-type=\"wp-page\" data-elementor-id=\"290\" class=\"elementor elementor-290\">\n\t\t\t\t<div class=\"elementor-element elementor-element-0cbdf9f e-flex e-con-boxed e-con e-parent\" data-id=\"0cbdf9f\" data-element_type=\"container\">\n\t\t\t\t\t<div class=\"e-con-inner\">\n\t\t\t\t<div class=\"elementor-element elementor-element-3443d82 elementor-widget elementor-widget-text-editor\" data-id=\"3443d82\" data-element_type=\"widget\" data-widget_type=\"text-editor.default\">\n\t\t\t\t<div class=\"elementor-widget-container\">\n\t\t\t\t\t\t\t\t\t<p>A Fogyat\u00e9kosok Nappali Int\u00e9zm\u00e9nye els\u0151sorban a saj\u00e1t otthonukban \u00e9l\u0151, harmadik \u00e9let\u00e9v\u00fcket bet\u00f6lt\u00f6tt, \u00f6nkiszolg\u00e1l\u00e1sra r\u00e9szben k\u00e9pes, vagy \u00f6nell\u00e1t\u00e1sra nem k\u00e9pes, fel\u00fcgyeletre szorul\u00f3 fogyat\u00e9kos r\u00e9sz\u00e9re biztos\u00edt lehet\u0151s\u00e9get a napk\u00f6zbeni tart\u00f3zkod\u00e1sra, t\u00e1rsas kapcsolatokra, valamint alapvet\u0151 higi\u00e9niai sz\u00fcks\u00e9gletei kiel\u00e9g\u00edt\u00e9s\u00e9re, tov\u00e1bb\u00e1 ig\u00e9ny szerint megszervezi az ell\u00e1tottak nap k\u00f6zbeni \u00e9tkeztet\u00e9s\u00e9t.<\/p><p>A Fogyat\u00e9kos Szem\u00e9lyek Nappali Int\u00e9zm\u00e9ny\u00e9ben 3 \u00e9ven aluli gyermek nem gondozhat\u00f3, nem gondozhat\u00f3 az a szem\u00e9ly, aki vesz\u00e9lyeztet\u0151 magatart\u00e1st tan\u00fas\u00edt, orvosi ell\u00e1t\u00e1st, \u00e9s \u00e1lland\u00f3 ell\u00e1t\u00e1st ig\u00e9nyel, nem gondozhat\u00f3 az int\u00e9zm\u00e9nyben az a fogyat\u00e9kos sem, aki gy\u00f3gypedag\u00f3giai nevel\u00e9sre, oktat\u00e1sra alkalmas, \u00e9s felv\u00e9tele, elhelyez\u00e9se a kor\u00e1nak, \u00e1llapot\u00e1nak megfelel\u0151 nevel\u00e9si, oktat\u00e1si int\u00e9zm\u00e9nyben biztos\u00edthat\u00f3.<\/p><p>Az int\u00e9zm\u00e9nyben ell\u00e1tottak c\u00e9lcsoportja, \u00edgy els\u0151dlegesen f\u0151k\u00e9nt az iskol\u00e1b\u00f3l kiker\u00fclt 18. \u00e9let\u00e9ven fel\u00fcliek, illetve a tank\u00f6telezetts\u00e9g al\u00f3l v\u00e9glegesen felmentett \u00e9rtelmi, illetve testi fejl\u0151d\u00e9sben akad\u00e1lyozott szem\u00e9lyek k\u00f6r\u00e9re terjed ki. F\u00e9r\u0151helyek sz\u00e1ma: 32 f\u0151.<\/p><p>A szolg\u00e1ltat\u00e1s t\u00e9r\u00edt\u00e9smentes, amennyiben \u00e9tkeztet\u00e9st is ig\u00e9nybe k\u00edv\u00e1nnak venni az\u00e9rt t\u00e9r\u00edt\u00e9si d\u00edjat kell fizetni<em>,\u00a0<\/em>melyr\u0151l a Dokumentumok f\u00fcl alatt t\u00e1j\u00e9koz\u00f3dhat.<\/p><p><strong><em>El\u00e9rhet\u0151s\u00e9g<\/em><\/strong><\/p><p>6640 Csongr\u00e1d, S\u00edp u. 3.<\/p><p>Tel: 63\/610-042<\/p><p><strong>Szakmai vezet\u0151:<\/strong>\u00a0Kissn\u00e9 V\u00e9kony \u00c9va, 20\/510-9198,\u00a0<a href=\"mailto:foni@csongrad.hu\">foni@csongrad.hu<\/a><\/p>\t\t\t\t\t\t\t\t<\/div>\n\t\t\t\t<\/div>\n\t\t\t\t\t<\/div>\n\t\t\t\t<\/div>\n\t\t\t\t<\/div>\n\t\t","protected":false},"excerpt":{"rendered":"<p>A Fogyat\u00e9kosok Nappali Int\u00e9zm\u00e9nye els\u0151sorban a saj\u00e1t otthonukban \u00e9l\u0151, harmadik \u00e9let\u00e9v\u00fcket bet\u00f6lt\u00f6tt, \u00f6nkiszolg\u00e1l\u00e1sra r\u00e9szben k\u00e9pes, vagy \u00f6nell\u00e1t\u00e1sra nem k\u00e9pes, fel\u00fcgyeletre [&hellip;]<\/p>\n","protected":false},"author":2,"featured_media":0,"parent":0,"menu_order":0,"comment_status":"closed","ping_status":"closed","template":"","meta":{"site-sidebar-layout":"no-sidebar","site-content-layout":"","ast-site-content-layout":"normal-width-container","site-content-style":"default","site-sidebar-style":"default","ast-global-header-display":"","ast-banner-title-visibility":"","ast-main-header-display":"","ast-hfb-above-header-display":"","ast-hfb-below-header-display":"","ast-hfb-mobile-header-display":"","site-post-title":"","ast-breadcrumbs-content":"","ast-featured-img":"disabled","footer-sml-layout":"","theme-transparent-header-meta":"","adv-header-id-meta":"","stick-header-meta":"","header-above-stick-meta":"","header-main-stick-meta":"","header-below-stick-meta":"","astra-migrate-meta-layouts":"default","ast-page-background-enabled":"default","ast-page-background-meta":{"desktop":{"background-color":"var(--ast-global-color-5)","background-image":"","background-repeat":"repeat","background-position":"center center","background-size":"auto","background-attachment":"scroll","background-type":"","background-media":"","overlay-type":"","overlay-color":"","overlay-opacity":"","overlay-gradient":""},"tablet":{"background-color":"","background-image":"","background-repeat":"repeat","background-position":"center center","background-size":"auto","background-attachment":"scroll","background-type":"","background-media":"","overlay-type":"","overlay-color":"","overlay-opacity":"","overlay-gradient":""},"mobile":{"background-color":"","background-image":"","background-repeat":"repeat","background-position":"center center","background-size":"auto","background-attachment":"scroll","background-type":"","background-media":"","overlay-type":"","overlay-color":"","overlay-opacity":"","overlay-gradient":""}},"ast-content-background-meta":{"desktop":{"background-color":"var(--ast-global-color-4)","background-image":"","background-repeat":"repeat","background-position":"center center","background-size":"auto","background-attachment":"scroll","background-type":"","background-media":"","overlay-type":"","overlay-color":"","overlay-opacity":"","overlay-gradient":""},"tablet":{"background-color":"var(--ast-global-color-4)","background-image":"","background-repeat":"repeat","background-position":"center center","background-size":"auto","background-attachment":"scroll","background-type":"","background-media":"","overlay-type":"","overlay-color":"","overlay-opacity":"","overlay-gradient":""},"mobile":{"background-color":"var(--ast-global-color-4)","background-image":"","background-repeat":"repeat","background-position":"center center","background-size":"auto","background-attachment":"scroll","background-type":"","background-media":"","overlay-type":"","overlay-color":"","overlay-opacity":"","overlay-gradient":""}},"footnotes":""},"class_list":["post-290","page","type-page","status-publish","hentry"],"_links":{"self":[{"href":"http:\/\/esely.csongrad.hu\/index.php?rest_route=\/wp\/v2\/pages\/290","targetHints":{"allow":["GET"]}}],"collection":[{"href":"http:\/\/esely.csongrad.hu\/index.php?rest_route=\/wp\/v2\/pages"}],"about":[{"href":"http:\/\/esely.csongrad.hu\/index.php?rest_route=\/wp\/v2\/types\/page"}],"author":[{"embeddable":true,"href":"http:\/\/esely.csongrad.hu\/index.php?rest_route=\/wp\/v2\/users\/2"}],"replies":[{"embeddable":true,"href":"http:\/\/esely.csongrad.hu\/index.php?rest_route=%2Fwp%2Fv2%2Fcomments&post=290"}],"version-history":[{"count":7,"href":"http:\/\/esely.csongrad.hu\/index.php?rest_route=\/wp\/v2\/pages\/290\/revisions"}],"predecessor-version":[{"id":297,"href":"http:\/\/esely.csongrad.hu\/index.php?rest_route=\/wp\/v2\/pages\/290\/revisions\/297"}],"wp:attachment":[{"href":"http:\/\/esely.csongrad.hu\/index.php?rest_route=%2Fwp%2Fv2%2Fmedia&parent=290"}],"curies":[{"name":"wp","href":"https:\/\/api.w.org\/{rel}","templated":true}]}}