{"id":89,"date":"2025-08-20T15:42:30","date_gmt":"2025-08-20T15:42:30","guid":{"rendered":"http:\/\/esely.csongrad.hu\/?page_id=89"},"modified":"2025-08-20T17:57:12","modified_gmt":"2025-08-20T17:57:12","slug":"kapcsolat","status":"publish","type":"page","link":"http:\/\/esely.csongrad.hu\/?page_id=89","title":{"rendered":"Kapcsolat"},"content":{"rendered":"\t\t<div data-elementor-type=\"wp-page\" data-elementor-id=\"89\" class=\"elementor elementor-89\">\n\t\t\t\t<div class=\"elementor-element elementor-element-767027d e-flex e-con-boxed e-con e-parent\" data-id=\"767027d\" data-element_type=\"container\">\n\t\t\t\t\t<div class=\"e-con-inner\">\n\t\t\t\t<div class=\"elementor-element elementor-element-8ea7399 elementor-widget elementor-widget-text-editor\" data-id=\"8ea7399\" data-element_type=\"widget\" data-widget_type=\"text-editor.default\">\n\t\t\t\t<div class=\"elementor-widget-container\">\n\t\t\t\t\t\t\t\t\t<h2><strong>Kapcsolat<\/strong><\/h2><p>\u00a0<\/p><p>Az Es\u00e9ly Szoci\u00e1lis Alapell\u00e1t\u00e1si K\u00f6zpont ez\u00faton t\u00e1j\u00e9koztatja a lakosokat, hogy 2017.01.01-\u00e9t\u0151l az igazgat\u00f3s\u00e1g sz\u00e9khelye 6640 Csongr\u00e1d Kossuth t\u00e9r 7.<br \/>Telefonsz\u00e1munk 63\/571-925.<\/p><h5 class=\"_2cuy _3dgx _2vxa\"><strong>Es\u00e9ly Szoci\u00e1lis Alapell\u00e1t\u00e1si K\u00f6zpont<\/strong><\/h5><p>Int\u00e9zm\u00e9nyvezet\u0151: K\u00e1d\u00e1r- Kov\u00e1cs M\u00e1rta<br \/><strong>Sz\u00e9khelye:\u00a0<\/strong>6640 Csongr\u00e1d, Kossuth t\u00e9r 7.<br \/>Tel\/fax: 63\/571-925, <a href=\"mailto:esely@csongrad.hu\">esely@csongrad.hu\u00a0<\/a><\/p><h4><strong>Telephelyek:<\/strong><\/h4><h5><strong>I. sz. Id\u0151sek Klubja<\/strong><\/h5><p>6640 Csongr\u00e1d, Gr. Apponyi A. u. 5.<br \/>Tel: 63\/483-783<\/p><p><strong>Ny\u00fajtott szolg\u00e1ltat\u00e1sok<\/strong><strong>:\u00a0<\/strong>Szoci\u00e1lis \u00e9tkeztet\u00e9s, nappali ell\u00e1t\u00e1s \u2013 id\u0151skor\u00faak, demens szem\u00e9lyek nappali ell\u00e1t\u00e1sa<br \/><strong>Szakmai vezet\u0151:\u00a0<\/strong>20\/777-8328,\u00a0<a href=\"mailto:egyesklub@csongrad.hu\">egyesklub@csongrad.hu<\/a><\/p><h5><strong>II. sz. Id\u0151sek Klubja<\/strong><\/h5><p>6640 Csongr\u00e1d, F\u0151 u. 64.<br \/>Tel\/fax: 63\/483-016<br \/><strong>Ny\u00fajtott szolg\u00e1ltat\u00e1sok:<\/strong>\u00a0Szoci\u00e1lis \u00e9tkeztet\u00e9s, nappali ell\u00e1t\u00e1s \u2013 id\u0151skor\u00faak, demens szem\u00e9lyek nappali ell\u00e1t\u00e1sa, Tanyagondnoki szolg\u00e1ltat\u00e1s I., Tanyagondnoki szolg\u00e1ltat\u00e1s II., Tanyagondnoki szolg\u00e1ltat\u00e1s III., Tanyagondnoki szolg\u00e1ltat\u00e1s IV.<br \/><strong>Szakmai vezet\u0151<\/strong>: Bodn\u00e1r Anna,\u00a0<a href=\"mailto:kettesklub@csongrad.hu\">kettesklub@csongrad.hu<\/a>, 06-20\/777-8350<\/p><p><strong>Ny\u00fajtott szolg\u00e1ltat\u00e1sok:<\/strong>\u00a0H\u00e1zi seg\u00edts\u00e9gny\u00fajt\u00e1s, Jelz\u0151rendszeres h\u00e1zi seg\u00edts\u00e9gny\u00fajt\u00e1s<br \/><strong>Szakmai vezet\u0151<\/strong>: Guly\u00e1s Emma,\u00a0<a href=\"mailto:hazigondozas@csongrad.hu\">hazigondozas@csongrad.hu<\/a>, 06-20\/2462-333<\/p><p><strong>Ny\u00fajtott szolg\u00e1ltat\u00e1sok:<\/strong>\u00a0T\u00e1mogat\u00f3 szolg\u00e1ltat\u00e1s, Pszichi\u00e1triai betegek k\u00f6z\u00f6ss\u00e9gi alapell\u00e1t\u00e1sa, Szenved\u00e9lybetegek k\u00f6z\u00f6ss\u00e9gi alapell\u00e1t\u00e1sa<br \/><strong>Szakmai vezet\u0151:<\/strong>\u00a0Kajt\u00e1r Anita, 63\/483-016, 06-20\/229-2855,\u00a0<a href=\"mailto:tamogato@csongrad.hu\">tamogato@csongrad.hu<\/a><\/p><h5><strong>III. sz. Id\u0151sek Klubja<\/strong><\/h5><p><strong>\u00a0<\/strong>6640 Csongr\u00e1d, Bokros u. 29.<br \/>Tel:63\/479-010<br \/><strong>Ny\u00fajtott szolg\u00e1ltat\u00e1sok:<\/strong>\u00a0Szoci\u00e1lis \u00e9tkeztet\u00e9s, nappali ell\u00e1t\u00e1s \u2013 id\u0151skor\u00faak, demens szem\u00e9lyek nappali ell\u00e1t\u00e1sa<\/p><h5><strong>Fogyat\u00e9kosok Nappali Int\u00e9zm\u00e9nye<\/strong><strong>\u00a0<\/strong><\/h5><p>6640 Csongr\u00e1d, S\u00edp u. 3.<br \/>Tel: 63\/610-042<br \/><strong>Ny\u00fajtott szolg\u00e1ltat\u00e1sok:\u00a0<\/strong>nappali ell\u00e1t\u00e1s \u2013 fogyat\u00e9koss\u00e1ggal \u00e9l\u0151k nappali ell\u00e1t\u00e1sa<br \/><strong>Szakmai vezet\u0151:<\/strong>\u00a0Kissn\u00e9 V\u00e9kony \u00c9va, 20\/510-9198,\u00a0<a href=\"mailto:foni@csongrad.hu\">foni@csongrad.hu<\/a><\/p>\t\t\t\t\t\t\t\t<\/div>\n\t\t\t\t<\/div>\n\t\t\t\t\t<\/div>\n\t\t\t\t<\/div>\n\t\t\t\t<\/div>\n\t\t","protected":false},"excerpt":{"rendered":"<p>Kapcsolat \u00a0 Az Es\u00e9ly Szoci\u00e1lis Alapell\u00e1t\u00e1si K\u00f6zpont ez\u00faton t\u00e1j\u00e9koztatja a lakosokat, hogy 2017.01.01-\u00e9t\u0151l az igazgat\u00f3s\u00e1g sz\u00e9khelye 6640 Csongr\u00e1d Kossuth t\u00e9r [&hellip;]<\/p>\n","protected":false},"author":2,"featured_media":0,"parent":0,"menu_order":0,"comment_status":"closed","ping_status":"closed","template":"elementor_header_footer","meta":{"site-sidebar-layout":"default","site-content-layout":"","ast-site-content-layout":"default","site-content-style":"default","site-sidebar-style":"default","ast-global-header-display":"","ast-banner-title-visibility":"","ast-main-header-display":"","ast-hfb-above-header-display":"","ast-hfb-below-header-display":"","ast-hfb-mobile-header-display":"","site-post-title":"","ast-breadcrumbs-content":"","ast-featured-img":"","footer-sml-layout":"","theme-transparent-header-meta":"","adv-header-id-meta":"","stick-header-meta":"","header-above-stick-meta":"","header-main-stick-meta":"","header-below-stick-meta":"","astra-migrate-meta-layouts":"default","ast-page-background-enabled":"default","ast-page-background-meta":{"desktop":{"background-color":"var(--ast-global-color-5)","background-image":"","background-repeat":"repeat","background-position":"center center","background-size":"auto","background-attachment":"scroll","background-type":"","background-media":"","overlay-type":"","overlay-color":"","overlay-opacity":"","overlay-gradient":""},"tablet":{"background-color":"","background-image":"","background-repeat":"repeat","background-position":"center center","background-size":"auto","background-attachment":"scroll","background-type":"","background-media":"","overlay-type":"","overlay-color":"","overlay-opacity":"","overlay-gradient":""},"mobile":{"background-color":"","background-image":"","background-repeat":"repeat","background-position":"center center","background-size":"auto","background-attachment":"scroll","background-type":"","background-media":"","overlay-type":"","overlay-color":"","overlay-opacity":"","overlay-gradient":""}},"ast-content-background-meta":{"desktop":{"background-color":"var(--ast-global-color-4)","background-image":"","background-repeat":"repeat","background-position":"center center","background-size":"auto","background-attachment":"scroll","background-type":"","background-media":"","overlay-type":"","overlay-color":"","overlay-opacity":"","overlay-gradient":""},"tablet":{"background-color":"var(--ast-global-color-4)","background-image":"","background-repeat":"repeat","background-position":"center center","background-size":"auto","background-attachment":"scroll","background-type":"","background-media":"","overlay-type":"","overlay-color":"","overlay-opacity":"","overlay-gradient":""},"mobile":{"background-color":"var(--ast-global-color-4)","background-image":"","background-repeat":"repeat","background-position":"center center","background-size":"auto","background-attachment":"scroll","background-type":"","background-media":"","overlay-type":"","overlay-color":"","overlay-opacity":"","overlay-gradient":""}},"footnotes":""},"class_list":["post-89","page","type-page","status-publish","hentry"],"_links":{"self":[{"href":"http:\/\/esely.csongrad.hu\/index.php?rest_route=\/wp\/v2\/pages\/89","targetHints":{"allow":["GET"]}}],"collection":[{"href":"http:\/\/esely.csongrad.hu\/index.php?rest_route=\/wp\/v2\/pages"}],"about":[{"href":"http:\/\/esely.csongrad.hu\/index.php?rest_route=\/wp\/v2\/types\/page"}],"author":[{"embeddable":true,"href":"http:\/\/esely.csongrad.hu\/index.php?rest_route=\/wp\/v2\/users\/2"}],"replies":[{"embeddable":true,"href":"http:\/\/esely.csongrad.hu\/index.php?rest_route=%2Fwp%2Fv2%2Fcomments&post=89"}],"version-history":[{"count":29,"href":"http:\/\/esely.csongrad.hu\/index.php?rest_route=\/wp\/v2\/pages\/89\/revisions"}],"predecessor-version":[{"id":204,"href":"http:\/\/esely.csongrad.hu\/index.php?rest_route=\/wp\/v2\/pages\/89\/revisions\/204"}],"wp:attachment":[{"href":"http:\/\/esely.csongrad.hu\/index.php?rest_route=%2Fwp%2Fv2%2Fmedia&parent=89"}],"curies":[{"name":"wp","href":"https:\/\/api.w.org\/{rel}","templated":true}]}}